{"id":244791,"date":"2021-02-15T17:58:20","date_gmt":"2021-02-15T16:58:20","guid":{"rendered":"https:\/\/quesoshuete.com\/politica-de-privacidad\/"},"modified":"2023-06-14T12:11:17","modified_gmt":"2023-06-14T10:11:17","slug":"privacy-policy","status":"publish","type":"page","link":"https:\/\/quesoshuete.com\/en\/privacy-policy\/","title":{"rendered":"Privacy policy"},"content":{"rendered":"<p>[et_pb_section fb_built=&#8221;1&#8243; _builder_version=&#8221;4.19.4&#8243; _dynamic_attributes=&#8221;background_image&#8221; _module_preset=&#8221;default&#8221; background_enable_color=&#8221;off&#8221; background_image=&#8221;@ET-DC@eyJkeW5hbWljIjp0cnVlLCJjb250ZW50IjoicG9zdF9mZWF0dXJlZF9pbWFnZSIsInNldHRpbmdzIjp7fX0=@&#8221; module_alignment=&#8221;center&#8221; custom_margin=&#8221;0px|0px|0px|0px|false|false&#8221; custom_padding=&#8221;0px|0px|0px|0px|false|false&#8221; global_colors_info=&#8221;{}&#8221;][et_pb_row _builder_version=&#8221;4.19.4&#8243; _module_preset=&#8221;default&#8221; background_color=&#8221;rgba(0,0,0,0.6)&#8221; width=&#8221;100%&#8221; max_width=&#8221;100%&#8221; module_alignment=&#8221;center&#8221; max_height=&#8221;100%&#8221; custom_margin=&#8221;0px|0px|0px|0px|false|false&#8221; custom_padding=&#8221;0px|0px|0px|0px|false|false&#8221; global_colors_info=&#8221;{}&#8221;][et_pb_column type=&#8221;4_4&#8243; _builder_version=&#8221;4.16&#8243; _module_preset=&#8221;default&#8221; global_colors_info=&#8221;{}&#8221;][et_pb_post_title meta=&#8221;off&#8221; featured_image=&#8221;off&#8221; _builder_version=&#8221;4.19.4&#8243; _module_preset=&#8221;default&#8221; title_font=&#8221;|300|||||||&#8221; title_text_align=&#8221;center&#8221; title_text_color=&#8221;#FFFFFF&#8221; title_font_size=&#8221;48px&#8221; custom_margin=&#8221;0px||0px||false|false&#8221; custom_padding=&#8221;160px||120px||false|false&#8221; title_text_shadow_style=&#8221;preset3&#8243; title_text_shadow_color=&#8221;#FFFFFF&#8221; global_colors_info=&#8221;{}&#8221;][\/et_pb_post_title][\/et_pb_column][\/et_pb_row][\/et_pb_section][et_pb_section fb_built=&#8221;1&#8243; _builder_version=&#8221;4.16&#8243; global_colors_info=&#8221;{}&#8221;][et_pb_row _builder_version=&#8221;4.16&#8243; background_size=&#8221;initial&#8221; background_position=&#8221;top_left&#8221; background_repeat=&#8221;repeat&#8221; global_colors_info=&#8221;{}&#8221;][et_pb_column type=&#8221;4_4&#8243; _builder_version=&#8221;4.16&#8243; custom_padding=&#8221;|||&#8221; global_colors_info=&#8221;{}&#8221; custom_padding__hover=&#8221;|||&#8221;][et_pb_text _builder_version=&#8221;4.21.0&#8243; background_size=&#8221;initial&#8221; background_position=&#8221;top_left&#8221; background_repeat=&#8221;repeat&#8221; hover_enabled=&#8221;0&#8243; global_colors_info=&#8221;{}&#8221; sticky_enabled=&#8221;0&#8243;]<\/p>\n<p><strong>Information in compliance with personal data protection regulations<\/strong><\/p>\n<p>In Europe and Spain there are Data Protection regulations designed to protect your personal information that are mandatory for our entity.<\/p>\n<p>Therefore, it is very important to us that you fully understand what we are going to do with the personal data we request. Thus, we will be transparent and we will give you control of your data, with simple language and clear options that allow you to decide what we do with your personal information.<\/p>\n<p>Please, if after reading this information you have any questions, do not hesitate to ask us.<\/p>\n<p>Thank you very much for your help.<strong><\/strong><\/p>\n<p>&nbsp;<\/p>\n<p><strong>About us?<\/strong><\/p>\n<p>Our name: <strong>LACTO GANADERA R\u00cdO MAYOR, SL<\/strong><br \/>Our CIF \/ NIF: <strong>B16238164<\/strong><br \/>Our main activity: <strong>Sale of cheeses and food products<\/strong><br \/>Our address: <strong>Ctra. CM 310 Km. 101 &#8211; 16500 HUETE &#8211; CUENCA<\/strong><br \/>Our contact telephone number: <strong>969 371 041<\/strong><br \/>Our contact email address: <strong>tienda@quesoshuete.com<\/strong><br \/>Our website: <strong>www.quesoshuete.com<\/strong><\/p>\n<p>We are at your disposal, do not hesitate to contact us.<\/p>\n<p><strong>\u00a0<\/strong><\/p>\n<p><strong>What are we going to use your data for?<\/strong><\/p>\n<p>In general, your personal data will be used to be able to interact with you and to be able to provide you with our services.<\/p>\n<p>Likewise, they can also be used for other activities, such as sending you advertising or promoting our activities, with your prior consent.<\/p>\n<p>&nbsp;<\/p>\n<p><strong>Why do we need to use your data?<\/strong><\/p>\n<p>Your personal data is necessary to be able to interact with you and to be able to provide you with our services. In this sense, we will put at your disposal a series of boxes that will allow you to decide clearly and easily about the use of your personal information.<\/p>\n<p>&nbsp;<\/p>\n<p><strong>Who will know the information we ask for?<\/strong><\/p>\n<p>In general, only the personnel of our entity that is duly authorized may have knowledge of the information that we request.<\/p>\n<p>In the same way, those entities that need to have access to it may have knowledge of your personal information so that we can provide you with our services. Thus, for example, our bank will know your data if the payment for our services is made by card or bank transfer.<\/p>\n<p>Likewise, those public or private entities to which we are obliged to provide your personal data due to compliance with any law will have knowledge of your information. Giving you an example, the Tax Law obliges you to provide the Tax Agency with certain information on economic operations that exceed a certain amount.<\/p>\n<p>In the event that, apart from the aforementioned assumptions, we need to disclose your personal information to other entities, we will previously request your permission through clear options that will allow you to decide in this regard.<\/p>\n<p>&nbsp;<\/p>\n<p><strong>How will we protect your data?<\/strong><\/p>\n<p>We will protect your data with effective security measures based on the risks involved in the use of your information.<\/p>\n<p>For this, our entity has approved a Data Protection Policy and annual controls and audits are carried out to verify that your personal data is secure at all times.<strong><\/strong><\/p>\n<p>&nbsp;<\/p>\n<p><strong>Will we send your data to other countries?<\/strong><\/p>\n<p>In the world there are countries that are safe for your data and others that are not so much. For example, the European Union is a safe environment for your data. Our policy is not to send your personal information to any country that is not safe from a data protection point of view.<\/p>\n<p>In the event that, in order to provide you with the service, it is essential to send your data to a country that is not as safe as Spain, we will always request your permission in advance and apply effective security measures that reduce the risks of sending your information. personnel to another country.<\/p>\n<p>&nbsp;<\/p>\n<p><strong>How long will we keep your data?<\/strong><\/p>\n<p>We will keep your data during our relationship and as long as we are required by law. Once the applicable legal deadlines have expired, we will proceed to eliminate them in a safe and environmentally friendly manner.<\/p>\n<p>&nbsp;<\/p>\n<p><strong>What are your data protection rights?<\/strong><\/p>\n<p>At any time you can contact us to find out what information we have about you, rectify it if it is incorrect and delete it once our relationship has ended, in the event that this is legally possible.<\/p>\n<p>You also have the right to request the transfer of your information to another entity. This right is called \u201cportability\u201d and it can be useful in certain situations.<\/p>\n<p>To request any of these rights, you must make a written request to our address, along with a photocopy of your ID, in order to identify you.<\/p>\n<p>At the offices of our entity we have specific forms to request said rights and we offer our help to fill them out.<\/p>\n<p>To learn more about your data protection rights, you can consult the website of the Spanish Data Protection Agency (www.aepd.es).<\/p>\n<p>&nbsp;<\/p>\n<p><strong>Can you withdraw your consent if you change your mind at a later time?<\/strong><\/p>\n<p>You can withdraw your consent if you change your mind about the use of your data at any time.<\/p>\n<p>For example, if you were once interested in receiving advertising for our products or services, but you no longer wish to receive any more advertising, you can let us know through the form to object to processing available at our entity&#8217;s offices.<\/p>\n<p>&nbsp;<\/p>\n<p><strong>In case you understand that your rights have been neglected, where can you make a claim?<\/strong><\/p>\n<p>In the event that you understand that your rights have been neglected by our entity, you can file a claim with the Spanish Agency for Data Protection, through any of the following means:<\/p>\n<p>-Electronic office: www.aepd.es<br \/>-Postal address: Spanish Data Protection Agency C\/ Jorge Juan, 6, 28001-Madrid<br \/>By telephone: Tel. 901 100 099 \u2013 Tel. 91 266 35 17<\/p>\n<p>Formulating a claim with the Spanish Agency for Data Protection does not entail any cost and the assistance of a lawyer or solicitor is not necessary.<\/p>\n<p>&nbsp;<\/p>\n<p><strong>Will we create profiles about you?<\/strong><\/p>\n<p>Our policy is not to create profiles about the users of our services.<\/p>\n<p>However, there may be situations where, for service provision, commercial or other purposes, we need to create profiles of information about you. An example could be the use of your purchase or service history to be able to offer you products or services tailored to your tastes or needs.<\/p>\n<p>In such case, we will apply effective security measures that protect your information at all times from unauthorized persons who intend to use it for their own benefit.<\/p>\n<p>&nbsp;<\/p>\n<p><strong>Will we use your data for other purposes?<\/strong><\/p>\n<p>Our policy is not to use your data for purposes other than those that we have explained to you. If, however, we need to use your data for different activities, we will always request your permission in advance through clear options that will allow you to decide in this regard.<\/p>\n<p><strong>\u00a0<\/strong><\/p>\n<p>[\/et_pb_text][\/et_pb_column][\/et_pb_row][\/et_pb_section]<\/p>\n","protected":false},"excerpt":{"rendered":"<p>Information in compliance with personal data protection regulations In Europe and Spain there are Data Protection regulations designed to protect your personal information that are mandatory for our entity. Therefore, it is very important to us that you fully understand what we are going to do with the personal data we request. Thus, we will [&hellip;]<\/p>\n","protected":false},"author":1,"featured_media":243519,"parent":0,"menu_order":0,"comment_status":"closed","ping_status":"open","template":"","meta":{"_et_pb_use_builder":"on","_et_pb_old_content":"<strong>Informaci\u00f3n en cumplimiento de la normativa de protecci\u00f3n de datos personales<\/strong>\n\nEn Europa y en Espa\u00f1a existen normas de Protecci\u00f3n de Datos pensadas para proteger su informaci\u00f3n personal de obligado cumplimiento para nuestra entidad.\n\nPor ello, es muy importante para nosotros que entienda perfectamente qu\u00e9 vamos a hacer con los datos personales que le pedimos. As\u00ed, seremos transparentes y le daremos el control de sus datos, con un lenguaje sencillo y opciones claras que le permitir\u00e1n decidir qu\u00e9 haremos con su informaci\u00f3n personal.\n\nPor favor, si una vez le\u00edda la presente informaci\u00f3n le queda alguna duda, no dude en preguntarnos.\n\nMuchas gracias por su colaboraci\u00f3n.\n\n<strong>\u00bfQui\u00e9nes somos?<\/strong>\n\nNuestra denominaci\u00f3n:&nbsp;<strong>Gourmet Pison 2020 S.L<\/strong>\nNuestro CIF \/ NIF:&nbsp;<strong>B02997336<\/strong>\nNuestra actividad principal:&nbsp;<strong>Venta de productos c\u00e1rnicos<\/strong>\nNuestra direcci\u00f3n:&nbsp;<strong>Calle Tenorio 5, Bajo, 26280 Ezcaray, La Rioja, Espa\u00f1a<\/strong>\nNuestro tel\u00e9fono de contacto:&nbsp;<strong>679 40 69 93<\/strong>\nNuestra direcci\u00f3n de correo electr\u00f3nico de contacto: &nbsp;<strong>info@quesoshuete.com<\/strong>\nNuestra p\u00e1gina web:&nbsp;<strong>www.quesoshuete.com<\/strong>\n\nEstamos a su disposici\u00f3n, no dude en contactar con nosotros.\n\n<strong>\u00bfPara qu\u00e9 vamos a usar sus datos?<\/strong>\n\nCon car\u00e1cter general, sus datos personales ser\u00e1n usados para poder relacionarnos con usted y poder prestarle nuestros servicios.\n\nAsimismo, tambi\u00e9n pueden ser usados para otras actividades, como enviarle publicidad o promocionar nuestras actividades, previo consentimiento por su parte.\n\n<strong>\u00bfPor qu\u00e9 necesitamos usar sus datos?<\/strong>\n\nSus datos personales son necesarios para poder relacionarnos con usted y poder prestarle nuestros servicios. En este sentido, pondremos a su disposici\u00f3n una serie de casillas que le permitir\u00e1n decidir de manera clara y sencilla sobre el uso de su informaci\u00f3n personal.\n\n<strong>\u00bfQui\u00e9n va a conocer la informaci\u00f3n que le pedimos?<\/strong>\n\nCon car\u00e1cter general, s\u00f3lo el personal de nuestra entidad que est\u00e9 debidamente autorizado podr\u00e1 tener conocimiento de la informaci\u00f3n que le pedimos.\n\nDe igual modo, podr\u00e1n tener conocimiento de su informaci\u00f3n personal aquellas entidades que necesiten tener acceso a la misma para que podamos prestarle nuestros servicios. As\u00ed por ejemplo, nuestro banco conocer\u00e1 sus datos si el pago de nuestros servicios se realiza mediante tarjeta o transferencia bancaria.\n\nAsimismo, tendr\u00e1n conocimiento de su informaci\u00f3n aquellas entidades p\u00fablicas o privadas a las cuales estemos obligados a facilitar sus datos personales con motivo del cumplimiento de alguna ley. Poni\u00e9ndole un ejemplo, la Ley Tributaria obliga a facilitar a la Agencia Tributaria determinada informaci\u00f3n sobre operaciones econ\u00f3micas que superen una determinada cantidad.\n\nEn el caso de que, al margen de los supuestos comentados, necesitemos dar a conocer su informaci\u00f3n personal a otras entidades, le solicitaremos previamente su permiso a trav\u00e9s de opciones claras que le permitir\u00e1n decidir a este respecto.\n\n<strong>\u00bfC\u00f3mo vamos a proteger sus datos?<\/strong>\n\nProtegeremos sus datos con medidas de seguridad eficaces en funci\u00f3n de los riesgos que conlleve el uso de su informaci\u00f3n.\n\nPara ello, nuestra entidad ha aprobado una Pol\u00edtica de Protecci\u00f3n de Datos y se realizan controles y auditor\u00edas anuales para verificar que sus datos personales est\u00e1n seguros en todo momento.\n\n<strong>\u00bfEnviaremos sus datos a otros pa\u00edses?<\/strong>\n\nEn el mundo hay pa\u00edses que son seguros para sus datos y otros que no lo son tanto. As\u00ed por ejemplo, la Uni\u00f3n Europea es un entorno seguro para sus datos. Nuestra pol\u00edtica es no enviar su informaci\u00f3n personal a ning\u00fan pa\u00eds que no sea seguro desde el punto de vista de la protecci\u00f3n de sus datos.\n\nEn el caso de que, con motivo de prestarle el servicio, sea imprescindible enviar sus datos a un pa\u00eds que no sea tan seguro como Espa\u00f1a, siempre le solicitaremos previamente su permiso y aplicaremos medidas de seguridad eficaces que reduzcan los riesgos del env\u00edo de su informaci\u00f3n personal a otro pa\u00eds.\n\n<strong>\u00bfDurante cu\u00e1nto tiempo vamos a conservar sus datos?<\/strong>\n\nConservaremos sus datos durante nuestra relaci\u00f3n y mientras nos obliguen las leyes. Una vez finalizados los plazos legales aplicables, procederemos a eliminarlos de forma segura y respetuosa con el medio ambiente.\n\n<strong>\u00bfCu\u00e1les son sus derechos de protecci\u00f3n de datos?<\/strong>\n\nEn cualquier momento puede dirigirse a nosotros para saber qu\u00e9 informaci\u00f3n tenemos sobre usted, rectificarla si fuese incorrecta y eliminarla una vez finalizada nuestra relaci\u00f3n, en el caso de que ello sea legalmente posible.\n\nTambi\u00e9n tiene derecho a solicitar el traspaso de su informaci\u00f3n a otra entidad. Este derecho se llama \u201cportabilidad\u201d y puede ser \u00fatil en determinadas situaciones.\n\nPara solicitar alguno de estos derechos, deber\u00e1 realizar una solicitud escrita a nuestra direcci\u00f3n, junto con una fotocopia de su DNI, para poder identificarle.\n\nEn las oficinas de nuestra entidad disponemos de formularios espec\u00edficos para solicitar dichos derechos y le ofrecemos nuestra ayuda para su cumplimentaci\u00f3n.\n\nPara saber m\u00e1s sobre sus derechos de protecci\u00f3n de datos, puede consultar la p\u00e1gina web de la Agencia Espa\u00f1ola de Protecci\u00f3n de Datos (www.aepd.es).\n\n<strong>\u00bfPuede retirar su consentimiento si cambia de opini\u00f3n en un momento posterior?<\/strong>\n\nUsted puede retirar su consentimiento si cambia de opini\u00f3n sobre el uso de sus datos en cualquier momento.\n\nAs\u00ed por ejemplo, si usted en su d\u00eda estuvo interesado\/a en recibir publicidad de nuestros productos o servicios, pero ya no desea recibir m\u00e1s publicidad, puede hac\u00e9rnoslo constar a trav\u00e9s del formulario de oposici\u00f3n al tratamiento disponible en las oficinas de nuestra entidad.\n\n<strong>En caso de que entienda que sus derechos han sido desatendidos, \u00bfd\u00f3nde puede formular una reclamaci\u00f3n?<\/strong>\n\nEn caso de que entienda que sus derechos han sido desatendidos por nuestra entidad, puede formular una reclamaci\u00f3n en la Agencia Espa\u00f1ola de Protecci\u00f3n de Datos, a trav\u00e9s de alguno de los medios siguientes:\n\n-Sede electr\u00f3nica: www.aepd.es\n-Direcci\u00f3n postal: Agencia Espa\u00f1ola de Protecci\u00f3n de Datos C\/ Jorge Juan, 6, 28001-Madrid\nV\u00eda telef\u00f3nica: Telf. 901 100 099 \u2013 Telf. 91 266 35 17\n\nFormular una reclamaci\u00f3n en la Agencia Espa\u00f1ola de Protecci\u00f3n de Datos no conlleva ning\u00fan coste y no es necesaria la asistencia de abogado ni procurador.\n\n<strong>\u00bfElaboraremos perfiles sobre usted?<\/strong>\n\nNuestra pol\u00edtica es no elaborar perfiles sobre los usuarios de nuestros servicios.\n\nNo obstante, pueden existir situaciones en las que, con fines de prestaci\u00f3n del servicio, comerciales o de otro tipo, necesitemos elaborar perfiles de informaci\u00f3n sobre usted. Un ejemplo pudiera ser la utilizaci\u00f3n de su historial de compras o servicios para poder ofrecerle productos o servicios adaptados a sus gustos o necesidades.\n\nEn tal caso, aplicaremos medidas de seguridad eficaces que protejan su informaci\u00f3n en todo momento de personas no autorizadas que pretendan utilizarla en su propio beneficio.\n\n<strong>\u00bfUsaremos sus datos para otros fines?<\/strong>\n\nNuestra pol\u00edtica es no usar sus datos para otras finalidades distintas a las que le hemos explicado. Si, no obstante, necesit\u00e1semos usar sus datos para actividades distintas, siempre le solicitaremos previamente su permiso a trav\u00e9s de opciones claras que le permitir\u00e1n decidir al respecto.","_et_gb_content_width":"","footnotes":""},"class_list":["post-244791","page","type-page","status-publish","has-post-thumbnail","hentry"],"acf":[],"_links":{"self":[{"href":"https:\/\/quesoshuete.com\/en\/wp-json\/wp\/v2\/pages\/244791","targetHints":{"allow":["GET"]}}],"collection":[{"href":"https:\/\/quesoshuete.com\/en\/wp-json\/wp\/v2\/pages"}],"about":[{"href":"https:\/\/quesoshuete.com\/en\/wp-json\/wp\/v2\/types\/page"}],"author":[{"embeddable":true,"href":"https:\/\/quesoshuete.com\/en\/wp-json\/wp\/v2\/users\/1"}],"replies":[{"embeddable":true,"href":"https:\/\/quesoshuete.com\/en\/wp-json\/wp\/v2\/comments?post=244791"}],"version-history":[{"count":18,"href":"https:\/\/quesoshuete.com\/en\/wp-json\/wp\/v2\/pages\/244791\/revisions"}],"predecessor-version":[{"id":245181,"href":"https:\/\/quesoshuete.com\/en\/wp-json\/wp\/v2\/pages\/244791\/revisions\/245181"}],"wp:featuredmedia":[{"embeddable":true,"href":"https:\/\/quesoshuete.com\/en\/wp-json\/wp\/v2\/media\/243519"}],"wp:attachment":[{"href":"https:\/\/quesoshuete.com\/en\/wp-json\/wp\/v2\/media?parent=244791"}],"curies":[{"name":"wp","href":"https:\/\/api.w.org\/{rel}","templated":true}]}}