{"id":244748,"date":"2021-04-23T12:19:47","date_gmt":"2021-04-23T10:19:47","guid":{"rendered":"https:\/\/quesoshuete.com\/condiciones-generales-de-compra\/"},"modified":"2023-06-14T12:11:15","modified_gmt":"2023-06-14T10:11:15","slug":"general-purchase-conditions","status":"publish","type":"page","link":"https:\/\/quesoshuete.com\/en\/general-purchase-conditions\/","title":{"rendered":"General purchase conditions"},"content":{"rendered":"<p>[et_pb_section fb_built=&#8221;1&#8243; _builder_version=&#8221;4.19.4&#8243; _dynamic_attributes=&#8221;background_image&#8221; _module_preset=&#8221;default&#8221; background_enable_color=&#8221;off&#8221; background_image=&#8221;@ET-DC@eyJkeW5hbWljIjp0cnVlLCJjb250ZW50IjoicG9zdF9mZWF0dXJlZF9pbWFnZSIsInNldHRpbmdzIjp7fX0=@&#8221; module_alignment=&#8221;center&#8221; custom_margin=&#8221;0px|0px|0px|0px|false|false&#8221; custom_padding=&#8221;0px|0px|0px|0px|false|false&#8221; global_colors_info=&#8221;{}&#8221;][et_pb_row _builder_version=&#8221;4.19.4&#8243; _module_preset=&#8221;default&#8221; background_color=&#8221;rgba(0,0,0,0.6)&#8221; width=&#8221;100%&#8221; max_width=&#8221;100%&#8221; module_alignment=&#8221;center&#8221; max_height=&#8221;100%&#8221; custom_margin=&#8221;0px|0px|0px|0px|false|false&#8221; custom_padding=&#8221;0px|0px|0px|0px|false|false&#8221; global_colors_info=&#8221;{}&#8221;][et_pb_column type=&#8221;4_4&#8243; _builder_version=&#8221;4.16&#8243; _module_preset=&#8221;default&#8221; global_colors_info=&#8221;{}&#8221;][et_pb_post_title meta=&#8221;off&#8221; featured_image=&#8221;off&#8221; _builder_version=&#8221;4.19.4&#8243; _module_preset=&#8221;default&#8221; title_font=&#8221;|300|||||||&#8221; title_text_align=&#8221;center&#8221; title_text_color=&#8221;#FFFFFF&#8221; title_font_size=&#8221;48px&#8221; custom_margin=&#8221;0px||0px||false|false&#8221; custom_padding=&#8221;160px||120px||false|false&#8221; title_text_shadow_style=&#8221;preset3&#8243; title_text_shadow_color=&#8221;#FFFFFF&#8221; global_colors_info=&#8221;{}&#8221;][\/et_pb_post_title][\/et_pb_column][\/et_pb_row][\/et_pb_section][et_pb_section fb_built=&#8221;1&#8243; _builder_version=&#8221;4.16&#8243; global_colors_info=&#8221;{}&#8221;][et_pb_row _builder_version=&#8221;4.16&#8243; background_size=&#8221;initial&#8221; background_position=&#8221;top_left&#8221; background_repeat=&#8221;repeat&#8221; global_colors_info=&#8221;{}&#8221;][et_pb_column type=&#8221;4_4&#8243; _builder_version=&#8221;4.16&#8243; custom_padding=&#8221;|||&#8221; global_colors_info=&#8221;{}&#8221; custom_padding__hover=&#8221;|||&#8221;][et_pb_text _builder_version=&#8221;4.21.0&#8243; header_2_font_size=&#8221;18px&#8221; background_size=&#8221;initial&#8221; background_position=&#8221;top_left&#8221; background_repeat=&#8221;repeat&#8221; hover_enabled=&#8221;0&#8243; global_colors_info=&#8221;{}&#8221; sticky_enabled=&#8221;0&#8243;]<\/p>\n<h2><strong>1. OBJECT<\/strong><\/h2>\n<p>These General Conditions regulate the acquisition of the products offered on the website https:\/\/quesoshuete.com, owned by <strong>LACTO GANADERA R\u00cdO MAYOR, SL<\/strong><\/p>\n<p>The acquisition of any of the products entails the full and unreserved acceptance of each and every one of the General Conditions indicated, without prejudice to the acceptance of the Particular Conditions that may be applicable when acquiring certain products.<\/p>\n<p>These General Conditions may be modified without prior notification, therefore, it is advisable to read their content carefully before proceeding to purchase any of the products offered.<\/p>\n<p><strong><\/strong><\/p>\n<h2><strong>2.- IDENTIFICATION<\/strong><\/h2>\n<p><strong>LACTO GANADERA R\u00cdO MAYOR, SL<\/strong>, in compliance with Law 34\/2002, of July 11, on Services of the Information Society and Electronic Commerce, informs you that:<\/p>\n<ul>\n<li>Its corporate name is: <strong>LACTO GANADERA R\u00cdO MAYOR, SL<\/strong><\/li>\n<li>Its trade name is: <strong>LACTO GANADERA R\u00cdO MAYOR, SL<\/strong>.<\/li>\n<li>The CIF is: B16238164.<\/li>\n<li>Its registered office is at: Ctra. CM 310 Km. 101 &#8211; 16500 HUETE &#8211; CUENCA<br \/><strong><\/strong>\n<ul><\/ul>\n<\/li>\n<\/ul>\n<ol>\n<li style=\"list-style-type: none;\">\n<ol><\/ol>\n<\/li>\n<\/ol>\n<h2><strong>3.- COMMUNICATIONS<\/strong><\/h2>\n<p>To communicate with us, we offer you different means of contact that we detail below:<\/p>\n<ul>\n<li>Phone: 630 73 96 85.<\/li>\n<li>Email: <a href=\"mailto:tienda@quesoshuete.com\">tienda@quesoshuete.com<\/a>.<\/li>\n<li>Postal address: Ctra. CM 310 Km. 101 &#8211; 16500 HUETE &#8211; CUENCA<\/li>\n<\/ul>\n<p>All notifications and communications between users and <strong>LACTO GANADERA R\u00cdO MAYOR, SL<\/strong> will be considered effective, for all purposes, when they are made through any of the means detailed above.<\/p>\n<p><strong><\/strong><\/p>\n<h2><strong>4.- PRODUCTS<\/strong><\/h2>\n<p>The products offered, together with their main characteristics and their price appear on the screen.<\/p>\n<p><strong>LACTO GANADERA R\u00cdO MAYOR, SL<\/strong> reserves the right to decide, at any time, the products and\/or services offered to Clients. In this way, <strong>LACTO GANADERA R\u00cdO MAYOR, SL<\/strong> may, at any time, add new products and\/or services to those currently offered. Likewise, <strong>LACTO GANADERA R\u00cdO MAYOR, SL<\/strong> reserves the right to withdraw or stop offering, at any time, and without prior notice, any of the products offered.<\/p>\n<p>All this without prejudice to the fact that the acquisition of any of the products can only be done through the subscription or registration of the USER, granting by <strong>LACTO GANADERA R\u00cdO MAYOR, SL<\/strong> to the interested party a User name and a password, which will identify and enable them. personally in order to have access to the products.<\/p>\n<p>Once inside https:\/\/quesoshuete.com, and to access the contracting of the different products, the User must follow all the instructions indicated in the purchase process, which will mean reading and accepting all the general conditions and individuals fixed in https:\/\/quesoshuete.com.<\/p>\n<p><strong><\/strong><\/p>\n<h2><strong>5.- AVAILABILITY AND SUBSTITUTION<\/strong><\/h2>\n<p><strong>PRODUCTS<\/strong><\/p>\n<p><strong>LACTO GANADERA R\u00cdO MAYOR, SL<\/strong> intends to guarantee the availability of all the products that are advertised through https:\/\/quesoshuete.com\/. However, in the event that any requested product is not available or if it is out of stock, the customer will be informed via email as soon as possible.<\/p>\n<p>If the product is not available, and the consumer has been informed of this, <strong>LACTO GANADERA R\u00cdO MAYOR, SL<\/strong> may supply a product with similar characteristics without a price increase, in which case, the consumer may accept or reject it by exercising their right of withdrawal and termination of the contract.<\/p>\n<p>In case of unavailability of all or part of the order, and the rejection of replacement products by the customer, the previously paid refund will be made via bank transfer.<\/p>\n<p>&nbsp;<\/p>\n<h2><strong>6.- PURCHASE AND\/OR CONTRACTING PROCESS<\/strong><\/h2>\n<p>To make any purchase at https:\/\/quesoshuete.com, the customer must be of legal age.<\/p>\n<p>In addition, it will be necessary for the client to register at https:\/\/quesoshuete.com\/ through a data collection form in which <strong>LACTO GANADERA R\u00cdO MAYOR, SL<\/strong> is provided with the necessary information for contracting; data that in any case will be true, exact and complete about your identity and that the client must expressly consent to by accepting the privacy policy of <strong>LACTO GANADERA R\u00cdO MAYOR, SL.<\/strong><\/p>\n<p>The steps to follow to make the purchase are:<\/p>\n<p>1. Access the Online Store section at the top right and select the modality you want.<br \/>2. Click on the desired product.<br \/>Select the number of units.<br \/>3. Click on the top right to the cart.<br \/>4. Precede the login if you are already registered or fill in the fields for billing and registration.<br \/>5. To confirm order.<br \/>6. You will receive confirmation by email of the order placed.<br \/>7. In the next 48 working hours the user will receive an email from pedidos@quesoshuete.com indicating the exact amount and the bank account number.<br \/>8. Make the bank transfer to the indicated account number and send the receipt to pedidos@quesoshuete.com to expedite the order.<\/p>\n<p>9. Likewise, it is recommended that the customer print and\/or save a copy on a durable medium of the conditions of sale when placing their order, as well as the receipt receipt sent by <strong>LACTO GANADERA R\u00cdO MAYOR, SL<\/strong> by email.<\/p>\n<p>&nbsp;<\/p>\n<h2><strong>7.- BILLING<\/strong><\/h2>\n<p>Along with their order, the customer will be able to download the invoice and will receive it by email once the purchase is complete.<\/p>\n<p>For this purpose, the client consents that said invoice be sent to him in electronic format.<\/p>\n<p>&nbsp;<\/p>\n<h2><strong>8.- DELIVERY<\/strong><\/h2>\n<p><strong>PRODUCTS<\/strong><\/p>\n<p>The order will be delivered to the address designated by the client at the time of contracting according to the chosen modality.<\/p>\n<p>The scope of delivery includes the following areas: Peninsula and Balearic Islands.<\/p>\n<p>&nbsp;<\/p>\n<h2><strong>9.- FORMS AND DELIVERY TIMES<\/strong><\/h2>\n<p>It will be carried out by refrigerated transport.<\/p>\n<p>The maximum delivery time is 3 days\/s. Transportation will be carried out cold or dry, as appropriate.<\/p>\n<p><strong><\/strong><\/p>\n<h2><strong><\/strong><\/h2>\n<h2><strong>10.- PRICES, EXPENSES AND TAXES<\/strong><\/h2>\n<p>The prices of the products that are collected in https:\/\/quesoshuete.com\/ will be expressed in Euros unless otherwise stated and will be guaranteed during their validity period, except for printing errors and whatever the destination of the product. order.<\/p>\n<p><strong>PRODUCTS<\/strong><\/p>\n<p>The final prices of all products (and, where appropriate, the final prices per unit of measure, when required) along with their characteristics, offers, discounts, etc., are reflected in each of the items that appear on the catalog of https:\/\/quesoshuete.com\/.<\/p>\n<ul>\n<li>The products have VAT included.<\/li>\n<li>The IVA rate for the different types of products we sell is:<br \/><span>Cheeses&#8230;&#8230;&#8230;&#8230;.0%<\/span><br \/><span>Oils&#8230;&#8230;&#8230;&#8230;.5%<\/span><br \/><span>Honey&#8230;&#8230;&#8230;&#8230;. \u00a0\u00a010%<\/span><br \/><span>Wine&#8230;&#8230;&#8230;&#8230;..21%<\/span>\n<ul><\/ul>\n<\/li>\n<\/ul>\n<p>Product prices may change at any time. In this case, the price to be applied will be the one in force on the date of placing the order. In any case, the final cost will be communicated to the client in the electronic purchase process before he formalizes his acceptance.<\/p>\n<h2><strong><\/strong><\/h2>\n<h2><strong>11.- FORMS OF PAYMENT<\/strong><\/h2>\n<p>We offer these forms of payment:<\/p>\n<ul>\n<li><span>Paypal<\/span><\/li>\n<li><span>Bizum<\/span><\/li>\n<li>Credit card<\/li>\n<\/ul>\n<p><strong><\/strong><\/p>\n<h2><strong>12.- RETURN AND WITHDRAWAL POLICY<\/strong><\/h2>\n<p>As established by the regulations, the consumer and user will NOT have the right to WITHDRAW from the contract based on the exemptions to the right of withdrawal contemplated in article 103 d) and e) of RD1\/2007, of November 16, which approves the referred text of the General Law for the Defense of Consumers and Users, falling within the following assumptions:<\/p>\n<ul>\n<li>Contracts for the supply of products made according to the specifications of the consumer and user or, clearly personalized, or that by their nature cannot be returned or can deteriorate or expire quickly.<\/li>\n<li>Supply of sealed goods that cannot be returned for health or hygiene reasons.\n<ul><\/ul>\n<\/li>\n<\/ul>\n<p>In any case, the return policy will be applied in each case based on the situation that occurred. In this sense, returns are allowed as long as the product is in poor condition, for which the customer will be offered the possibility of receiving another equal\/similar product in exchange or a refund of the money. The maximum period for making returns will be 24 hours from the time it is made available to the client. The postage for the collection of the products and the new shipment will always be the responsibility of Quesos Huete. Each ad hoc case will be addressed, analyzing what happened.<\/p>\n<p>No minimum order applies, in which case the postage will be borne by the customer. For dry shipments of more than 59.95 euros, postage will be borne by Quesos Huete. If this amount is not reached, the price of dry transport will be 3 euros.<\/p>\n<p><span>\u00a0<\/span><\/p>\n<h2><strong>13.- CUSTOMER SERVICE AND CLAIMS<\/strong><\/h2>\n<p>To file any complaint or claim with <strong>LACTO GANADERA R\u00cdO MAYOR, SL<\/strong>, the client must contact the customer service department either at the telephone number 969 371 041, or through the email address tienda@quesoshuete.com.<\/p>\n<p>Pursuant to the EU Consumer Online Dispute Resolution and in accordance with Art. 14.1 of Regulation (EU) 524\/2013, we inform you that the European Commission provides all consumers with an online dispute resolution platform that is It is available at the following link: http:\/\/ec.europa.eu\/consumers\/odr\/.<\/p>\n<p><strong><\/strong><\/p>\n<h2><strong>14.- APPLICABLE LEGISLATION<\/strong><\/h2>\n<p>The present conditions will be governed by current Spanish legislation.<\/p>\n<p>The language used will be Spanish.<\/p>\n<p>[\/et_pb_text][\/et_pb_column][\/et_pb_row][\/et_pb_section]<\/p>\n","protected":false},"excerpt":{"rendered":"<p>1. OBJECT These General Conditions regulate the acquisition of the products offered on the website https:\/\/quesoshuete.com, owned by LACTO GANADERA R\u00cdO MAYOR, SL The acquisition of any of the products entails the full and unreserved acceptance of each and every one of the General Conditions indicated, without prejudice to the acceptance of the Particular Conditions [&hellip;]<\/p>\n","protected":false},"author":1,"featured_media":243519,"parent":0,"menu_order":0,"comment_status":"closed","ping_status":"closed","template":"","meta":{"_et_pb_use_builder":"on","_et_pb_old_content":"<ol>\n \t<li><b> OBJETO<\/b><\/li>\n<\/ol>\nLas presentes Condiciones Generales regulan la adquisici\u00f3n de los productos ofertados en el sitio web https:\/\/quesoshuete.com\/, del que es titular Gourmet Pison 2020 S.L (en adelante, Quesos Huete).\n\nLa adquisici\u00f3n de cualesquiera de los productos conlleva la aceptaci\u00f3n plena y sin reservas de todas y cada una de las Condiciones Generales que se indican, sin perjuicio de la aceptaci\u00f3n de las Condiciones Particulares que pudieran ser de aplicaci\u00f3n al adquirir determinados productos.\n\nEstas Condiciones Generales podr\u00e1n ser modificadas sin notificaci\u00f3n previa, por tanto, es recomendable leer atentamente su contenido antes de proceder a la adquisici\u00f3n de cualquiera de los productos ofertados.\n<ol>\n \t<li><b> IDENTIFICACI\u00d3N<\/b><\/li>\n<\/ol>\nQuesos Huete, en cumplimiento de la Ley 34\/2002, de 11 de julio, de Servicios de la Sociedad de la Informaci\u00f3n y de Comercio Electr\u00f3nico, le informa de que:\n<ul>\n \t<li>Su denominaci\u00f3n social es: Gourmet Pison 2020 S.L.<\/li>\n \t<li>Su nombre comercial es: Quesos Huete.<\/li>\n \t<li>Su CIF es: B02997336.<\/li>\n \t<li>Su domicilio social est\u00e1 en: Calle Tenorio 5, Bajo, 26280 Ezcaray, La Rioja, Espa\u00f1a<\/li>\n<\/ul>\n<ol start=\"2\">\n \t<li><b> COMUNICACIONES<\/b><\/li>\n<\/ol>\nPara comunicarse con nosotros, ponemos a su disposici\u00f3n diferentes medios de contacto que detallamos a continuaci\u00f3n:\n<ul>\n \t<li>Tfno: 679 40 69 93.<\/li>\n \t<li>Email: info@quesoshuete.com.<\/li>\n \t<li>Direcci\u00f3n postal: Calle Tenorio 5, Bajo, 26280 Ezcaray, La Rioja, Espa\u00f1a<\/li>\n<\/ul>\nTodas las notificaciones y comunicaciones entre los usuarios y Quesos Huete se considerar\u00e1n eficaces, a todos los efectos, cuando se realicen a trav\u00e9s de cualquier medio de los detallados anteriormente.\n<ol start=\"3\">\n \t<li><b> PRODUCTOS<\/b><\/li>\n<\/ol>\nLos productos ofertados, junto con las caracter\u00edsticas principales de los mismos y su precio aparecen en pantalla.\n\nQuesos Huete se reserva el derecho de decidir, en cada momento, los productos y\/o servicios que se ofrecen a los Clientes. De este modo, Quesos Huete podr\u00e1, en cualquier momento, a\u00f1adir nuevos productos y\/o servicios a los ofertados actualmente. Asimismo, Quesos Huete se reserva el derecho a retirar o dejar de ofrecer, en cualquier momento, y sin previo aviso, cualesquiera de los productos ofrecidos.\n\nTodo ello sin perjuicio de que la adquisici\u00f3n de alguno de los productos s\u00f3lo podr\u00e1 hacerse mediante la suscripci\u00f3n o registro del USUARIO, otorgando por parte de Quesos Huete al interesado un nombre de Usuario y una contrase\u00f1a, los cuales le identificar\u00e1n y habilitar\u00e1n personalmente para poder tener acceso a los productos.\n\nUna vez dentro de https:\/\/quesoshuete.com\/, y para acceder a la contrataci\u00f3n de los distintos productos, el Usuario deber\u00e1 seguir todas las instrucciones indicadas en el proceso de compra, lo cual supondr\u00e1 la lectura y aceptaci\u00f3n de todas las condiciones generales y particulares fijadas en https:\/\/quesoshuete.com\/.\n<ol start=\"4\">\n \t<li><b> DISPONIBILIDAD Y SUSTITUCIONES<\/b><\/li>\n<\/ol>\n<b>PRODUCTOS<\/b>\n\nQuesos Huete pretende garantizar la disponibilidad de todos los productos que est\u00e1n publicitados a trav\u00e9s de https:\/\/quesoshuete.com\/. No obstante, en el caso de que cualquier producto solicitado no estuviera disponible o si el mismo se hubiera agotado, se le informar\u00e1 al cliente a trav\u00e9s de correo electr\u00f3nico lo antes posible.\n\nDe no hallarse disponible el producto, y habiendo sido informado de ello el consumidor, Quesos Huete podr\u00e1 suministrar un producto de similares caracter\u00edsticas sin aumento de precio, en cuyo caso, el consumidor podr\u00e1 aceptarlo o rechazarlo ejerciendo su derecho de desistimiento y resoluci\u00f3n del contrato.\n\nEn caso de indisponibilidad de la totalidad o parte del pedido, y el rechazo de los productos de sustituci\u00f3n por el cliente, el reembolso previamente abonado, se efectuar\u00e1 v\u00eda transferencia bancaria\n\nSi Quesos Huete se retrasara injustificadamente en la devoluci\u00f3n de las cantidades abonadas, el consumidor podr\u00e1 reclamar el doble de la cantidad adeudada.\n<ol start=\"5\">\n \t<li><b> PROCESO DE COMPRA Y\/O CONTRATACI\u00d3N<\/b><\/li>\n<\/ol>\nPara realizar cualquier compra en https:\/\/quesoshuete.com\/, es necesario que el cliente sea mayor de edad.\n\nAdem\u00e1s, ser\u00e1 preciso que el cliente se registre en https:\/\/quesoshuete.com\/ a trav\u00e9s de un formulario de recogida de datos en el que se proporcione a Quesos Huete la informaci\u00f3n necesaria para la contrataci\u00f3n; datos que en cualquier caso ser\u00e1n veraces, exactos y completos sobre su identidad y que el cliente deber\u00e1 consentir expresamente mediante la aceptaci\u00f3n de la pol\u00edtica de privacidad de Quesos Huete.\n\nLos pasos a seguir para realizar la compra son:\n<ol>\n \t<li>Acceder en la parte superior derecha al apartado Tienda online y seleccionar la modalidad que desee.<\/li>\n \t<li>Pinchar en el producto deseado.<\/li>\n \t<li>Seleccionar el n\u00famero de unidades y pulsar el bot\u00f3n.<\/li>\n \t<li>Pulsar en la parte superior derecha al carrito y pulsar.<\/li>\n \t<li>Preceder al inicio de sesi\u00f3n si ya estas registrado o cumplimentar los campos para la facturaci\u00f3n y registrarte.<\/li>\n \t<li>Confirmar pedido.<\/li>\n \t<li>Recibir\u00e1 al correo la confirmaci\u00f3n por pantalla del pedido realizado.<\/li>\n \t<li>En las pr\u00f3ximas 48 horas laborables el usuario recibir\u00e1 un correo desde enviosweb@quesoshuete.com indicando el importe exacto y el n\u00famero de cuenta bancaria.<\/li>\n \t<li>Realizar la transferencia bancaria al n\u00famero de cuenta indicado y enviar el justificante a tienda@quesoshuete.com para agilizar el pedido.<\/li>\n<\/ol>\nAsimismo, es recomendable que el cliente imprima y\/o guarde una copia en soporte duradero de las condiciones de venta al realizar su pedido, as\u00ed como tambi\u00e9n del comprobante de recepci\u00f3n enviado por Quesos Huete por correo electr\u00f3nico.\n\n<b>FACTURACI\u00d3N<\/b>\n\nJunto con su pedido, recibir\u00e1 la correspondiente factura.\n\nA tal efecto, el cliente consiente que dicha factura se le remita en formato electr\u00f3nico.\n<ol start=\"6\">\n \t<li><b> ENTREGA<\/b><\/li>\n<\/ol>\n<b>PRODUCTOS<\/b>\n\nEl pedido ser\u00e1 entregado en el domicilio designado por el cliente en el momento de la contrataci\u00f3n seg\u00fan la modalidad escogida.\n\nEl \u00e1mbito de entrega recoge las siguientes zonas: Peninsula.\n\n<b>FORMAS Y PLAZOS DE ENTREGA<\/b>\n<ol>\n \t<li><b> Transporte:<\/b><\/li>\n<\/ol>\nse llevar\u00e1 a cabo mediante transporte refrigerado.\n\nEl plazo m\u00e1ximo de entrega es de 3 d\u00eda\/s.\n<ol start=\"7\">\n \t<li><b> PRECIOS, GASTOS E IMPUESTOS<\/b><\/li>\n<\/ol>\nLos precios de los productos que se recogen en https:\/\/quesoshuete.com\/ vendr\u00e1n expresados en Euros salvo que se exprese lo contrario y estar\u00e1n garantizados durante el tiempo de validez de los mismos, salvo error de impresi\u00f3n y sea cual sea el destino del pedido.\n\n<b>PRODUCTOS<\/b>\n\nLos precios finales de todos los productos, (y en su caso, los precios finales por unidad de medida, cuando sea obligatorio) junto a sus caracter\u00edsticas, las ofertas, descuentos, etc., se reflejan en cada uno de los art\u00edculos que aparecen en el cat\u00e1logo de https:\/\/quesoshuete.com\/.\n<ul>\n \t<li>Los productos tienen el IVA incluido.<\/li>\n \t<li>El tipo de IVA es del 4%.<\/li>\n<\/ul>\nLos precios de los productos pueden variar en cualquier momento. En este caso, el precio a aplicar ser\u00e1 el vigente en la fecha de realizaci\u00f3n del pedido. De cualquier modo, el coste final ser\u00e1 comunicado al cliente en el proceso de compra electr\u00f3nica antes de que \u00e9ste formalice su aceptaci\u00f3n.\n<ol start=\"8\">\n \t<li><b> FORMAS DE PAGO<\/b><\/li>\n<\/ol>\nPonemos a su disposici\u00f3n estas formas de pago:\n<ol>\n \t<li><b> Por Transferencia bancaria<\/b><\/li>\n<\/ol>\nMediante ingreso en efectivo o transferencia bancaria a favor de: Entidad: BANCO POPULAR ESPA\u00d1OL S.A.. N\u00famero de cuenta: ES 28 0075 0325 19 0600051987. Debiendo\u00a0 indicar en el momento de realizar la transferencia el nombre del cliente y n\u00famero de pedido.\n<ol start=\"9\">\n \t<li><b> POL\u00cdTICA DE DEVOLUCIONES Y DESISTIMIENTO<\/b><\/li>\n<\/ol>\nSeg\u00fan establece la normativa, el consumidor y usuario NO tendr\u00e1 derecho a DESISTIR del contrato en base a las exenciones al derecho de desistimiento contempladas en el art\u00edculo 103 d) y e) del RD1\/2007, de 16 de noviembre, por el que se aprueba el texto referido de la Ley General para la Defensa de los Consumidores y Usuarios, encuadr\u00e1ndose en los siguientes supuestos:\n<ol>\n \t<li>Los contratos de suministro de productos confeccionados conforme a las especificaciones del consumidor y usuario o, claramente personalizados, o que por su naturaleza no puedan ser devueltos o puedan deteriorarse o caducar con rapidez.<\/li>\n \t<li>Suministro de bienes precintados que no pueden ser devueltos por razones de salud o higiene.<\/li>\n<\/ol>\n<ol start=\"10\">\n \t<li><b> ATENCI\u00d3N AL CLIENTE Y RECLAMACIONES<\/b><\/li>\n<\/ol>\nPara interponer cualquier queja o reclamaci\u00f3n ante Quesos Huete el cliente deber\u00e1 dirigirse al departamento de atenci\u00f3n al cliente bien en el n\u00famero de tel\u00e9fono 969272649, bien a trav\u00e9s de la direcci\u00f3n de correo electr\u00f3nico tienda@quesoshuete.com.\n\nSeg\u00fan la Resoluci\u00f3n de litigios en l\u00ednea en materia de consumo de la UE y conforme al Art. 14.1 del Reglamento (UE) 524\/2013, le informamos que la Comisi\u00f3n Europea facilita a todos los consumidores una plataforma de resoluci\u00f3n de litigios en l\u00ednea que se encuentra disponible en el siguiente enlace: http:\/\/ec.europa.eu\/consumers\/odr\/.\n<ol start=\"11\">\n \t<li><b> LEGISLACI\u00d3N APLICABLE<\/b><\/li>\n<\/ol>\nLas condiciones presentes se regir\u00e1n por la legislaci\u00f3n espa\u00f1ola vigente.\n\nLa lengua utilizada ser\u00e1 el Castellano.\n\n<a href=\"https:\/\/quesoshuete.com\/wp-content\/uploads\/2021\/03\/formulario-desestimiento.pdf\" target=\"_blank\" rel=\"noopener\"><strong>Formulario de desistimiento.<\/strong><\/a>\n\n<a href=\"https:\/\/quesoshuete.com\/wp-content\/uploads\/2021\/03\/formulario-reclamaciones.pdf\" target=\"_blank\" rel=\"noopener\"><strong>Formulario de reclamaciones.<\/strong><\/a>","_et_gb_content_width":"","footnotes":""},"class_list":["post-244748","page","type-page","status-publish","has-post-thumbnail","hentry"],"acf":[],"_links":{"self":[{"href":"https:\/\/quesoshuete.com\/en\/wp-json\/wp\/v2\/pages\/244748","targetHints":{"allow":["GET"]}}],"collection":[{"href":"https:\/\/quesoshuete.com\/en\/wp-json\/wp\/v2\/pages"}],"about":[{"href":"https:\/\/quesoshuete.com\/en\/wp-json\/wp\/v2\/types\/page"}],"author":[{"embeddable":true,"href":"https:\/\/quesoshuete.com\/en\/wp-json\/wp\/v2\/users\/1"}],"replies":[{"embeddable":true,"href":"https:\/\/quesoshuete.com\/en\/wp-json\/wp\/v2\/comments?post=244748"}],"version-history":[{"count":16,"href":"https:\/\/quesoshuete.com\/en\/wp-json\/wp\/v2\/pages\/244748\/revisions"}],"predecessor-version":[{"id":245179,"href":"https:\/\/quesoshuete.com\/en\/wp-json\/wp\/v2\/pages\/244748\/revisions\/245179"}],"wp:featuredmedia":[{"embeddable":true,"href":"https:\/\/quesoshuete.com\/en\/wp-json\/wp\/v2\/media\/243519"}],"wp:attachment":[{"href":"https:\/\/quesoshuete.com\/en\/wp-json\/wp\/v2\/media?parent=244748"}],"curies":[{"name":"wp","href":"https:\/\/api.w.org\/{rel}","templated":true}]}}