{"id":244738,"date":"2021-04-23T11:44:58","date_gmt":"2021-04-23T09:44:58","guid":{"rendered":"https:\/\/quesoshuete.com\/aviso-legal\/"},"modified":"2023-06-14T11:49:47","modified_gmt":"2023-06-14T09:49:47","slug":"legal-warning","status":"publish","type":"page","link":"https:\/\/quesoshuete.com\/en\/legal-warning\/","title":{"rendered":"Legal warning"},"content":{"rendered":"<p>[et_pb_section fb_built=&#8221;1&#8243; _builder_version=&#8221;4.20.4&#8243; _dynamic_attributes=&#8221;background_image&#8221; _module_preset=&#8221;default&#8221; background_enable_color=&#8221;off&#8221; background_image=&#8221;https:\/\/quesoshuete.com\/wp-content\/uploads\/2023\/01\/carrito-min.jpg&#8221; module_alignment=&#8221;center&#8221; custom_margin=&#8221;0px|0px|0px|0px|false|false&#8221; custom_padding=&#8221;0px|0px|0px|0px|false|false&#8221; global_colors_info=&#8221;{}&#8221;][et_pb_row _builder_version=&#8221;4.19.4&#8243; _module_preset=&#8221;default&#8221; background_color=&#8221;rgba(0,0,0,0.6)&#8221; width=&#8221;100%&#8221; max_width=&#8221;100%&#8221; module_alignment=&#8221;center&#8221; max_height=&#8221;100%&#8221; custom_margin=&#8221;0px|0px|0px|0px|false|false&#8221; custom_padding=&#8221;0px|0px|0px|0px|false|false&#8221; global_colors_info=&#8221;{}&#8221;][et_pb_column type=&#8221;4_4&#8243; _builder_version=&#8221;4.16&#8243; _module_preset=&#8221;default&#8221; global_colors_info=&#8221;{}&#8221;][et_pb_post_title meta=&#8221;off&#8221; featured_image=&#8221;off&#8221; _builder_version=&#8221;4.19.4&#8243; _module_preset=&#8221;default&#8221; title_font=&#8221;|300|||||||&#8221; title_text_align=&#8221;center&#8221; title_text_color=&#8221;#FFFFFF&#8221; title_font_size=&#8221;48px&#8221; custom_margin=&#8221;0px||0px||false|false&#8221; custom_padding=&#8221;160px||120px||false|false&#8221; title_text_shadow_style=&#8221;preset3&#8243; title_text_shadow_color=&#8221;#FFFFFF&#8221; global_colors_info=&#8221;{}&#8221;][\/et_pb_post_title][\/et_pb_column][\/et_pb_row][\/et_pb_section][et_pb_section fb_built=&#8221;1&#8243; _builder_version=&#8221;4.16&#8243; global_colors_info=&#8221;{}&#8221;][et_pb_row _builder_version=&#8221;4.21.0&#8243; background_size=&#8221;initial&#8221; background_position=&#8221;top_left&#8221; background_repeat=&#8221;repeat&#8221; global_colors_info=&#8221;{}&#8221;][et_pb_column type=&#8221;4_4&#8243; _builder_version=&#8221;4.16&#8243; custom_padding=&#8221;|||&#8221; global_colors_info=&#8221;{}&#8221; custom_padding__hover=&#8221;|||&#8221;][et_pb_text _builder_version=&#8221;4.21.0&#8243; background_size=&#8221;initial&#8221; background_position=&#8221;top_left&#8221; background_repeat=&#8221;repeat&#8221; hover_enabled=&#8221;0&#8243; global_colors_info=&#8221;{}&#8221; sticky_enabled=&#8221;0&#8243;]<\/p>\n<p><strong>Information in compliance with the provisions of Law 34\/2002, of July 11, on services of the information society and electronic commerce.<\/strong><\/p>\n<p>In compliance with the provisions of article 10 of Law 34\/2002, of July 11, on Services of the Information Society and Electronic Commerce (hereinafter, LSSI-CE), express, precise and unequivocal, both to the recipients of the service and to the competent bodies, of the following aspects related to the information society service provider:<\/p>\n<p><strong>LACTO GANADERA R\u00cdO MAYOR, SL<\/strong> \u2013 B16238164<br \/>Activity \/ Corporate Purpose: Sale of cheeses and food products<br \/>Registered Office: Ctra. CM 310 Km. 101 &#8211; 16500 HUETE &#8211; CUENCA<br \/>Telephone: 969 371 041<br \/>Email: tienda@quesoshuete.com<\/p>\n<p>&nbsp;<\/p>\n<p><strong>1.- Intellectual property<\/strong><\/p>\n<p>The source code, graphic designs, images, photographs, sounds, animations, software, texts, as well as the information and content contained in this website are protected by Spanish legislation on rights of intellectual and industrial property in favor of <strong>LACTO GANADERA R\u00cdO MAYOR, SL<\/strong>. and the reproduction and\/or publication, in whole or in part, of the website, nor its computer processing, its distribution, its dissemination, nor its modification, transformation or decompilation, nor other legally recognized rights of its owner, is not allowed, without the permission prior and in writing thereof, <strong>LACTO GANADERA R\u00cdO MAYOR, SL<\/strong><\/p>\n<p>The user, solely and exclusively, can use the material that appears on this website for his personal and private use, its use being prohibited for commercial purposes or to engage in illegal activities. All rights derived from intellectual property are expressly reserved by <strong>LACTO GANADERA R\u00cdO MAYOR, SL<\/strong><\/p>\n<p><strong>LACTO GANADERA R\u00cdO MAYOR, SL<\/strong> will ensure compliance with the above conditions as well as the proper use of the contents presented on its web pages, exercising all civil and criminal actions that correspond to it in the case of infringement or breach of these rights by of the user. Company responsible for the administration of web hosting.<\/p>\n<p>&nbsp;<\/p>\n<p><strong>2.- Protection of personal data<\/strong><\/p>\n<p>Within the framework of compliance with current legislation, contained in Regulation 2016\/679 of the European Parliament and of the Council, of April 27, 2016, regarding the protection of natural persons with regard to the processing of personal data and the free circulation of these data and repealing Directive 95\/46\/EC (General Data Protection Regulation) and Organic Law 3\/2018, of December 5, Protection of Personal Data and guarantee of digital rights, whose purpose is to guarantee and protect, with regard to the processing of personal data, the freedoms and fundamental rights of natural persons, and especially their honor and personal privacy, <strong>LACTO GANADERA R\u00cdO MAYOR, SL<\/strong> informs users that in the On this website, personal data is requested and recorded using the form in the contact section.<\/p>\n<p>If you want to know more about the protection of personal data that you provide us, you can access the privacy policy and cookies policy section.<\/p>\n<p>&nbsp;<\/p>\n<p><strong>3.- Various<\/strong><\/p>\n<p>A.- <strong>LACTO GANADERA R\u00cdO MAYOR, SL<\/strong> does not use cookies that will remain stored on the computer. Cookies are small files that our computer sends to yours, but that do not provide us with information about your name or any personal data. When the user is browsing the web pages of <strong>LACTO GANADERA R\u00cdO MAYOR, SL<\/strong>, the server where it is hosted automatically recognizes the IP address of their computer, the day and time the visit begins, and when the visit is abandoned. , as well as information on the different sections consulted. It is necessary for the server to know this data to be able to communicate and send the request made and that it can be seen on the screen through the browser.<\/p>\n<p>B.- <strong>LACTO GANADERA R\u00cdO MAYOR, SL<\/strong> may modify, without prior notice, the information contained in its website, as well as its configuration and presentation.<\/p>\n<p>C.- <strong>LACTO GANADERA R\u00cdO MAYOR, SL<\/strong> hereby undertakes NOT TO ENGAGE IN MISLEADING ADVERTISING. For these purposes, therefore, formal or numerical errors that may be found throughout the content of the different sections of the <strong>LACTO GANADERA R\u00cdO MAYOR, SL<\/strong> website, produced as a result of maintenance and \/ or incomplete or defective updating of the information contained in these sections. LACTO GANADERA R\u00cdO MAYOR, SL, as a consequence of the provisions of this section, undertakes to correct it as soon as it becomes aware of said errors.<\/p>\n<p>D.- <strong>LACTO GANADERA R\u00cdO MAYOR, SL<\/strong> undertakes NOT TO SEND ADVERTISING CORRESPONDENCE WITHOUT IDENTIFYING IT AS SUCH, in accordance with the provisions of Law 34\/2002 on Services of the Information Society and Electronic Commerce. For these purposes, all the information sent TO THE CLIENTS of <strong>LACTO GANADERA R\u00cdO MAYOR, SL<\/strong> will not be considered as commercial communication, provided that its purpose is to maintain the existing contractual relationship between the client and <strong>LACTO GANADERA R\u00cdO MAYOR, SL<\/strong>, as well as the performance of information tasks, training and other activities of the service that the client has contracted with the company.<\/p>\n<p>E.- <strong>LACTO GANADERA R\u00cdO MAYOR, SL<\/strong> is not responsible for the breach of any applicable rule that the user may incur in accessing the website of this website and\/or in the use of the information contained therein.<\/p>\n<p>F.- <strong>LACTO GANADERA R\u00cdO MAYOR, SL<\/strong> will not be responsible for damages caused or that may be produced, whatever their nature, deriving from the use of the information, the materials contained in this web site and the programs Which incorporates. The links (Links) and hypertext that make it possible, through the website of this website, for the user to access benefits and services offered by third parties, do not belong to or are under the control of <strong>LACTO GANADERA R\u00cdO MAYOR, SL<\/strong>; Said entity is not responsible for the information contained therein or for any effects that may derive from said information.<\/p>\n<p>G.- <strong>LACTO GANADERA R\u00cdO MAYOR, SL<\/strong> is not responsible for the illegitimate use that third parties may make of brand names, product names, trademarks that, not being the property of said entity, appear on this website. Nor is it responsible for the integrity, veracity and legality of the content of the links to the websites that can be accessed from this website.<\/p>\n<p>H.- In short, the User is solely responsible for the use made of the services, contents, links (links) and hypertext included in the website of this website.<\/p>\n<p>&nbsp;<\/p>\n<p>[\/et_pb_text][\/et_pb_column][\/et_pb_row][\/et_pb_section]<\/p>\n","protected":false},"excerpt":{"rendered":"<p>Information in compliance with the provisions of Law 34\/2002, of July 11, on services of the information society and electronic commerce. In compliance with the provisions of article 10 of Law 34\/2002, of July 11, on Services of the Information Society and Electronic Commerce (hereinafter, LSSI-CE), express, precise and unequivocal, both to the recipients of [&hellip;]<\/p>\n","protected":false},"author":1,"featured_media":243519,"parent":0,"menu_order":0,"comment_status":"closed","ping_status":"closed","template":"","meta":{"_et_pb_use_builder":"on","_et_pb_old_content":"<strong>Informaci\u00f3n en cumplimiento de lo establecido en la Ley 34\/2002, de 11 de julio, de servicios de la sociedad de la informaci\u00f3n y de comercio electr\u00f3nico<\/strong>\n\nEn cumplimiento de lo establecido en el art\u00edculo 10 de la Ley 34\/2002, de 11 de julio, de Servicios de la Sociedad de la Informaci\u00f3n y de Comercio Electr\u00f3nico (en adelante, LSSI-CE), se informa de modo expreso, preciso e inequ\u00edvoco, tanto a los destinatarios del servicio como a los \u00f3rganos competentes, de los siguientes aspectos relativos al prestador de servicios de la sociedad de la informaci\u00f3n:\n\nGourmet Pison 2020 S.L \u2013 <strong>B02997336<\/strong>\nActividad \/ Objeto Social: Venta de productos c\u00e1rnicos y similares\nDomicilio Social: Calle Tenorio 5, Bajo, 26280 Ezcaray, La Rioja, Espa\u00f1a\nTel\u00e9fono: 679 40 69 93\nEmail: info@quesoshuete.com\n<ol start=\"1\">\n \t<li><strong> Propiedad intelectual<\/strong><\/li>\n<\/ol>\nEl c\u00f3digo fuente, los dise\u00f1os gr\u00e1ficos, las im\u00e1genes, las fotograf\u00edas, los sonidos, las animaciones, el software, los textos, as\u00ed como la informaci\u00f3n y los contenidos que se recogen en el presente sitio web est\u00e1n protegidos por la legislaci\u00f3n espa\u00f1ola sobre los derechos de propiedad intelectual e industrial a favor de&nbsp;<strong>Gourmet Pison 2020 S.L.<\/strong>&nbsp;y no se permite la reproducci\u00f3n y\/o publicaci\u00f3n, total o parcial, del sitio web, ni su tratamiento inform\u00e1tico, su distribuci\u00f3n, su difusi\u00f3n, ni su modificaci\u00f3n, transformaci\u00f3n o descompilaci\u00f3n, ni dem\u00e1s derechos reconocidos legalmente a su titular, sin el permiso previo y por escrito del mismo,&nbsp;<strong>Gourmet Pison 2020 S.L<\/strong>\n\nEl usuario, \u00fanica y exclusivamente, puede utilizar el material que aparezca en este sitio web para su uso personal y privado, quedando prohibido su uso con fines comerciales o para incurrir en actividades il\u00edcitas. Todos los derechos derivados de la propiedad intelectual est\u00e1n expresamente reservados por&nbsp;<strong>Gourmet Pison 2020 S.L<\/strong>\n\n<strong>Gourmet Pison 2020 S.L<\/strong>&nbsp;velar\u00e1 por el cumplimiento de las anteriores condiciones como por la debida utilizaci\u00f3n de los contenidos presentados en sus p\u00e1ginas web, ejercitando todas las acciones civiles y penales que le correspondan en el caso de infracci\u00f3n o incumplimiento de estos derechos por parte del usuario.\n<ol start=\"2\">\n \t<li><strong> Protecci\u00f3n de datos de car\u00e1cter personal<\/strong><\/li>\n<\/ol>\nEn el marco del cumplimiento de la legislaci\u00f3n vigente, recogida en el&nbsp;<b>Reglamento 2016\/679&nbsp;<\/b>del Parlamento Europeo y del Consejo, de 27 de abril de 2016, relativo a la protecci\u00f3n de las personas f\u00edsicas en lo que respecta al tratamiento de datos personales y a la libre circulaci\u00f3n de estos datos y por el que se deroga la Directiva 95\/46\/CE&nbsp;<b>(Reglamento General de Protecci\u00f3n de Datos)&nbsp;<\/b>y la&nbsp;<b>Ley Org\u00e1nica 3\/2018, de 5 de diciembre, de Protecci\u00f3n de Datos Personales y garant\u00eda de los derechos digitales<\/b>, cuyo objeto es garantizar y proteger, en lo que concierne al tratamiento de los datos personales, las libertades y derechos fundamentales de las personas f\u00edsicas, y especialmente de su honor e intimidad personal,&nbsp;<b>Gourmet Pison 2020 S.L&nbsp;<\/b>informa a los usuarios que en el presente sitio web se solicitan y registran&nbsp;<b>datos de car\u00e1cter personal<\/b> mediante el formulario del apartado contacto.\n\nSi desea conocer m\u00e1s sobre la protecci\u00f3n de datos de car\u00e1cter personal que nos facilita, puede acceder al apartado pol\u00edtica de privacidad y pol\u00edtica de cookies.\n<ol start=\"3\">\n \t<li><strong> Varios<\/strong><\/li>\n<\/ol>\nA.-&nbsp;<strong>Gourmet Pison 2020 S.L&nbsp;<\/strong>no utiliza cookies que se quedar\u00e1n almacenadas en el ordenador. Las cookies son peque\u00f1os archivos que nuestro ordenador env\u00eda al suyo, pero que no nos proporcionan informaci\u00f3n ni sobre su nombre, ni sobre cualquier&nbsp;<strong>dato de car\u00e1cter personal<\/strong>&nbsp;suyo. Cuando el usuario se encuentre navegando por las p\u00e1ginas web de&nbsp;<strong>Gourmet Pison 2020 S.L&nbsp;<\/strong>el servidor donde se encuentra alojada reconoce autom\u00e1ticamente la direcci\u00f3n IP de su ordenador, el d\u00eda y la hora en la que comienza la visita, en la que abandona la visita, as\u00ed como informaci\u00f3n sobre las distintas secciones consultadas. Es necesario que el servidor conozca estos datos para poder comunicarse y enviarle la petici\u00f3n realizada y que a trav\u00e9s del navegador se pueda ver en la pantalla.\n\nB.-&nbsp;<strong>Gourmet Pison 2020 S.L<\/strong>&nbsp;podr\u00e1 modificar, sin previo aviso, la informaci\u00f3n contenida en su sitio web, as\u00ed como su configuraci\u00f3n y presentaci\u00f3n.\n\nC.-&nbsp;<strong>Gourmet Pison 2020 S.L&nbsp;<\/strong>se compromete a trav\u00e9s de este medio a NO REALIZAR PUBLICIDAD ENGA\u00d1OSA. A estos efectos, por lo tanto, no ser\u00e1n considerados como publicidad enga\u00f1osa los errores formales o num\u00e9ricos que puedan encontrarse a lo largo del contenido de las distintas secciones de la web de&nbsp;<strong>Gourmet Pison 2020 S.L<\/strong>., producidos como consecuencia de un mantenimiento y\/o actualizaci\u00f3n incompleta o defectuosa de la informaci\u00f3n contenida es estas secciones.&nbsp;<strong>Gourmet Pison 2020 S.L<\/strong>, como consecuencia de lo dispuesto en este apartado, se compromete a corregirlo tan pronto como tenga conocimiento de dichos errores.\n\nD.-&nbsp;<strong>Gourmet Pison 2020 S.L<\/strong>&nbsp;se compromete a NO REMITIR COMUNICACIONES COMERCIALES SIN IDENTIFICARLAS COMO TALES, conforme a lo dispuesto en la Ley 34\/2002 de Servicios de la Sociedad de la Informaci\u00f3n y de comercio electr\u00f3nico. A estos efectos no ser\u00e1 considerado como comunicaci\u00f3n comercial toda la informaci\u00f3n que se env\u00ede A LOS CLIENTES de&nbsp;<strong>Gourmet Pison 2020 S.L&nbsp;<\/strong>siempre que tenga por finalidad el mantenimiento de la relaci\u00f3n contractual existente entre cliente y&nbsp;<strong>Gourmet Pison 2020 S.L<\/strong>, as\u00ed como el desempe\u00f1o de las tareas de informaci\u00f3n, formaci\u00f3n y otras actividades propias del servicio que el cliente tiene contratado con la empresa.\n\nE.-&nbsp;<strong>Gourmet Pison 2020 S.L&nbsp;<\/strong>no se hace responsable del incumplimiento de cualquier norma aplicable en que pueda incurrir el usuario en su acceso al sitio web el presente sitio web y\/o en el uso de las informaciones contenidas en el mismo.\n\nF.-&nbsp;<strong>Gourmet Pison 2020 S.L&nbsp;<\/strong>no ser\u00e1 responsable de los da\u00f1os y perjuicios producidos o que puedan producirse, cualquiera que sea su naturaleza, que se deriven del uso de la informaci\u00f3n, de las materias contenidas en este web site y de los programas que incorpora. Los enlaces (Links) e hipertexto que posibiliten, a trav\u00e9s del sitio web el presente sitio web, acceder al usuario a prestaciones y servicios ofrecidos por terceros, no pertenecen ni se encuentran bajo el control de&nbsp;<strong>Gourmet Pison 2020 S.L<\/strong>; dicha entidad no se hace responsable ni de la informaci\u00f3n contenida en los mismos ni de cualesquiera efectos que pudieran derivarse de dicha informaci\u00f3n.\n\nG.-&nbsp;<strong>Gourmet Pison 2020 S.L&nbsp;<\/strong>no se hace responsable del uso ileg\u00edtimo que terceras personas puedan hacer de los nombres de marca, nombres de producto, marcas comerciales que, no siendo propiedad de dicha entidad, aparezcan en el presente sitio web. Tampoco se responsabiliza de la integridad, veracidad y licitud del contenido de los enlaces a las webs a las que pueda accederse desde el presente sitio web.\n\nH.- En definitiva, el Usuario es el \u00fanico responsable del uso que realice de los servicios, contenidos, enlaces (links) e hipertexto incluidos en el sitio web el presente sitio web.","_et_gb_content_width":"","footnotes":""},"class_list":["post-244738","page","type-page","status-publish","has-post-thumbnail","hentry"],"acf":[],"_links":{"self":[{"href":"https:\/\/quesoshuete.com\/en\/wp-json\/wp\/v2\/pages\/244738","targetHints":{"allow":["GET"]}}],"collection":[{"href":"https:\/\/quesoshuete.com\/en\/wp-json\/wp\/v2\/pages"}],"about":[{"href":"https:\/\/quesoshuete.com\/en\/wp-json\/wp\/v2\/types\/page"}],"author":[{"embeddable":true,"href":"https:\/\/quesoshuete.com\/en\/wp-json\/wp\/v2\/users\/1"}],"replies":[{"embeddable":true,"href":"https:\/\/quesoshuete.com\/en\/wp-json\/wp\/v2\/comments?post=244738"}],"version-history":[{"count":11,"href":"https:\/\/quesoshuete.com\/en\/wp-json\/wp\/v2\/pages\/244738\/revisions"}],"predecessor-version":[{"id":245146,"href":"https:\/\/quesoshuete.com\/en\/wp-json\/wp\/v2\/pages\/244738\/revisions\/245146"}],"wp:featuredmedia":[{"embeddable":true,"href":"https:\/\/quesoshuete.com\/en\/wp-json\/wp\/v2\/media\/243519"}],"wp:attachment":[{"href":"https:\/\/quesoshuete.com\/en\/wp-json\/wp\/v2\/media?parent=244738"}],"curies":[{"name":"wp","href":"https:\/\/api.w.org\/{rel}","templated":true}]}}